{"id":1855,"date":"2017-12-19T12:05:06","date_gmt":"2017-12-19T11:05:06","guid":{"rendered":"https:\/\/lacavemargot.com\/?page_id=1855"},"modified":"2024-02-19T12:05:11","modified_gmt":"2024-02-19T11:05:11","slug":"le-mini-gite-cote-troglo","status":"publish","type":"page","link":"\/en\/chambres\/le-mini-gite-cote-troglo\/","title":{"rendered":"C\u00f4t\u00e9 Troglo"},"content":{"rendered":"<p><div class=\"grid2column\"><\/p>\n<p><a href=\"\/wp-content\/uploads\/2018\/04\/IMG_20180330_185618.jpg\" rel=\"prettyPhoto&#091;gallery1&#093;\"><img loading=\"lazy\" decoding=\"async\" class=\"alignnone wp-image-2062 size-large\" src=\"\/wp-content\/uploads\/2018\/04\/IMG_20180330_185618-1024x768.jpg\" alt=\"\" width=\"640\" height=\"480\" srcset=\"https:\/\/lacavemargot.com\/wp-content\/uploads\/2018\/04\/IMG_20180330_185618-1024x768.jpg 1024w, https:\/\/lacavemargot.com\/wp-content\/uploads\/2018\/04\/IMG_20180330_185618-300x225.jpg 300w, https:\/\/lacavemargot.com\/wp-content\/uploads\/2018\/04\/IMG_20180330_185618-768x576.jpg 768w, https:\/\/lacavemargot.com\/wp-content\/uploads\/2018\/04\/IMG_20180330_185618-1140x855.jpg 1140w\" sizes=\"auto, (max-width: 640px) 100vw, 640px\" \/><\/a><\/p>\n<div class=\"grid4column\"><a href=\"\/wp-content\/uploads\/2018\/04\/IMG_20180330_185630.jpg\" rel=\"prettyPhoto&#091;gallery1&#093;\"><img loading=\"lazy\" decoding=\"async\" class=\"alignnone wp-image-2063 size-thumbnail\" src=\"\/wp-content\/uploads\/2018\/04\/IMG_20180330_185630-150x150.jpg\" alt=\"\" width=\"150\" height=\"150\" \/><\/a><\/p>\n<p><\/div>\n<div class=\"grid4column\"><a href=\"\/wp-content\/uploads\/2018\/04\/IMG_20180330_185649.jpg\" rel=\"prettyPhoto&#091;gallery1&#093;\"><img loading=\"lazy\" decoding=\"async\" class=\"alignnone wp-image-2064 size-thumbnail\" src=\"\/wp-content\/uploads\/2018\/04\/IMG_20180330_185649-150x150.jpg\" alt=\"\" width=\"150\" height=\"150\" \/><\/a><\/p>\n<p><\/div>\n<div class=\"grid4column\"><a href=\"\/wp-content\/uploads\/2018\/04\/IMG_20180330_185702.jpg\" rel=\"prettyPhoto&#091;gallery1&#093;\"><img loading=\"lazy\" decoding=\"async\" class=\"alignnone wp-image-2065 size-thumbnail\" src=\"\/wp-content\/uploads\/2018\/04\/IMG_20180330_185702-150x150.jpg\" alt=\"\" width=\"150\" height=\"150\" \/><\/a><\/p>\n<p><\/div>\n<div class=\"grid4column lastcolumn\"><a href=\"http:\/\/lacavemargot.com\/wp-content\/uploads\/2022\/07\/Troglo-garden-scaled.jpg\" rel=\"prettyPhoto&#091;gallery1&#093;\"><img loading=\"lazy\" decoding=\"async\" class=\"alignnone wp-image-3691 size-thumbnail\" src=\"http:\/\/lacavemargot.com\/wp-content\/uploads\/2022\/07\/Troglo-garden-150x150.jpg\" alt=\"troglo insolite room\" width=\"150\" height=\"150\" \/><\/a><\/p>\n<p><\/div><div class=\"clearfix\"><\/div>\n<p><\/div><\/p>\n<div class=\"grid2column lastcolumn\">\n<h3>The &#8220;Troglo side&#8221;\u00a0apartment &#8211; 4 pers &#8211; 35 m2<\/h3>\n<p>This\u00a0apartment is located at the back of the main &#8220;long\u00e8re&#8221;. Its large glass windows lead to a nice private terrace towards the chalky cliff, the former outside baker&#8217;s oven and the troglodytes caves. Some little hidden stairs take you up to the upper part of the property, in the woods.<\/p>\n<p>You will have a main living room (queen size 160 bed, little kitchen and table).<\/p>\n<p>A nice and tall iron glass roof splits the living-room and the bedroom, equipped with a king-size bed (180 cm). The bathroom is next to your bedroom.<\/p>\n<p>As for our classic B&amp;B rooms, this\u00a0apartment mixes the old and the contemporary: the tall old-stone wall of the bedroom goes hand in hand with the iron glass roof and the modern large windows. All the materials are &#8216;noble&#8217; as we say: stone, iron, wood and travertine.<\/p>\n<p><em>Equipment of this apartment: 1 room with king-size bed (180 cm). A living-room with a little kitchen (sink, fridge, grill\/micro-wave combi oven, coffee machine, kettle, tableware), 4-person table, queen-size bed of 160cm. Bathroom with Italian shower, double washbasin, hairdryer and WC. Independent entrance, big private terrace, free Wifi\u00a0 &#8211;\u00a0 Free access to the fully equipped common kitchen. Bath and bed linen. Accommodation not specifically adapted for people with disabilities.<\/em><\/p>\n<p><span><a href=\"\/tarifs-chambres-gites\/\" target=\"_Self\" class=\"progression-medium progression-red\">OUR RATES<\/a><\/span> <span><a href=\"\/reserver\/reservation-et-annulation\/\" target=\"_Self\" class=\"progression-medium progression-grey\">BOOK NOW<\/a><\/span><\/p>\n<div><\/div>\n<p><\/div><div class=\"clearfix\"><\/div><\/p>","protected":false},"excerpt":{"rendered":"","protected":false},"author":2,"featured_media":1856,"parent":13,"menu_order":0,"comment_status":"closed","ping_status":"closed","template":"","meta":{"footnotes":""},"class_list":["post-1855","page","type-page","status-publish","has-post-thumbnail","hentry"],"yoast_head":"<!-- This site is optimized with the Yoast SEO plugin v19.14 - https:\/\/yoast.com\/wordpress\/plugins\/seo\/ -->\n<title>C\u00f4t\u00e9 Troglo - La Cave Margot<\/title>\n<meta name=\"robots\" content=\"index, follow, max-snippet:-1, max-image-preview:large, max-video-preview:-1\" \/>\n<link rel=\"canonical\" href=\"https:\/\/lacavemargot.com\/chambres\/le-mini-gite-cote-troglo\/\" \/>\n<meta property=\"og:locale\" content=\"en_US\" \/>\n<meta property=\"og:type\" content=\"article\" \/>\n<meta property=\"og:title\" content=\"[:fr]C\u00f4t\u00e9 Troglo[:en]C\u00f4t\u00e9 Troglo[:] - La Cave Margot\" \/>\n<meta property=\"og:url\" content=\"https:\/\/lacavemargot.com\/chambres\/le-mini-gite-cote-troglo\/\" \/>\n<meta property=\"og:site_name\" content=\"La Cave Margot\" \/>\n<meta property=\"article:modified_time\" content=\"2024-02-19T11:05:11+00:00\" \/>\n<meta property=\"og:image\" content=\"http:\/\/lacavemargot.com\/wp-content\/uploads\/2017\/12\/20150620_200724_D7C_7766-e1513681385615.jpg\" \/>\n\t<meta property=\"og:image:width\" content=\"425\" \/>\n\t<meta property=\"og:image:height\" content=\"283\" \/>\n\t<meta property=\"og:image:type\" content=\"image\/jpeg\" \/>\n<meta name=\"twitter:card\" content=\"summary_large_image\" \/>\n<meta name=\"twitter:label1\" content=\"Est. reading time\" \/>\n\t<meta name=\"twitter:data1\" content=\"5 minutes\" \/>\n<script type=\"application\/ld+json\" class=\"yoast-schema-graph\">{\"@context\":\"https:\/\/schema.org\",\"@graph\":[{\"@type\":\"WebPage\",\"@id\":\"https:\/\/lacavemargot.com\/chambres\/le-mini-gite-cote-troglo\/\",\"url\":\"https:\/\/lacavemargot.com\/chambres\/le-mini-gite-cote-troglo\/\",\"name\":\"[:fr]C\u00f4t\u00e9 Troglo[:en]C\u00f4t\u00e9 Troglo[:] - La Cave Margot\",\"isPartOf\":{\"@id\":\"https:\/\/lacavemargot.com\/#website\"},\"datePublished\":\"2017-12-19T11:05:06+00:00\",\"dateModified\":\"2024-02-19T11:05:11+00:00\",\"breadcrumb\":{\"@id\":\"https:\/\/lacavemargot.com\/chambres\/le-mini-gite-cote-troglo\/#breadcrumb\"},\"inLanguage\":\"en-US\",\"potentialAction\":[{\"@type\":\"ReadAction\",\"target\":[\"https:\/\/lacavemargot.com\/chambres\/le-mini-gite-cote-troglo\/\"]}]},{\"@type\":\"BreadcrumbList\",\"@id\":\"https:\/\/lacavemargot.com\/chambres\/le-mini-gite-cote-troglo\/#breadcrumb\",\"itemListElement\":[{\"@type\":\"ListItem\",\"position\":1,\"name\":\"Home\",\"item\":\"https:\/\/lacavemargot.com\/\"},{\"@type\":\"ListItem\",\"position\":2,\"name\":\"Chambres &#038; G\u00eetes\",\"item\":\"https:\/\/lacavemargot.com\/chambres\/\"},{\"@type\":\"ListItem\",\"position\":3,\"name\":\"C\u00f4t\u00e9 Troglo\"}]},{\"@type\":\"WebSite\",\"@id\":\"https:\/\/lacavemargot.com\/#website\",\"url\":\"https:\/\/lacavemargot.com\/\",\"name\":\"La Cave Margot\",\"description\":\"\",\"potentialAction\":[{\"@type\":\"SearchAction\",\"target\":{\"@type\":\"EntryPoint\",\"urlTemplate\":\"https:\/\/lacavemargot.com\/?s={search_term_string}\"},\"query-input\":\"required name=search_term_string\"}],\"inLanguage\":\"en-US\"}]}<\/script>\n<!-- \/ Yoast SEO plugin. -->","yoast_head_json":{"title":"[:fr]C\u00f4t\u00e9 Troglo[:en]C\u00f4t\u00e9 Troglo[:] - La Cave Margot","robots":{"index":"index","follow":"follow","max-snippet":"max-snippet:-1","max-image-preview":"max-image-preview:large","max-video-preview":"max-video-preview:-1"},"canonical":"https:\/\/lacavemargot.com\/chambres\/le-mini-gite-cote-troglo\/","og_locale":"en_US","og_type":"article","og_title":"[:fr]C\u00f4t\u00e9 Troglo[:en]C\u00f4t\u00e9 Troglo[:] - La Cave Margot","og_url":"https:\/\/lacavemargot.com\/chambres\/le-mini-gite-cote-troglo\/","og_site_name":"La Cave Margot","article_modified_time":"2024-02-19T11:05:11+00:00","og_image":[{"width":425,"height":283,"url":"http:\/\/lacavemargot.com\/wp-content\/uploads\/2017\/12\/20150620_200724_D7C_7766-e1513681385615.jpg","type":"image\/jpeg"}],"twitter_card":"summary_large_image","twitter_misc":{"Est. reading time":"5 minutes"},"schema":{"@context":"https:\/\/schema.org","@graph":[{"@type":"WebPage","@id":"https:\/\/lacavemargot.com\/chambres\/le-mini-gite-cote-troglo\/","url":"https:\/\/lacavemargot.com\/chambres\/le-mini-gite-cote-troglo\/","name":"[:fr]C\u00f4t\u00e9 Troglo[:en]C\u00f4t\u00e9 Troglo[:] - La Cave Margot","isPartOf":{"@id":"https:\/\/lacavemargot.com\/#website"},"datePublished":"2017-12-19T11:05:06+00:00","dateModified":"2024-02-19T11:05:11+00:00","breadcrumb":{"@id":"https:\/\/lacavemargot.com\/chambres\/le-mini-gite-cote-troglo\/#breadcrumb"},"inLanguage":"en-US","potentialAction":[{"@type":"ReadAction","target":["https:\/\/lacavemargot.com\/chambres\/le-mini-gite-cote-troglo\/"]}]},{"@type":"BreadcrumbList","@id":"https:\/\/lacavemargot.com\/chambres\/le-mini-gite-cote-troglo\/#breadcrumb","itemListElement":[{"@type":"ListItem","position":1,"name":"Home","item":"https:\/\/lacavemargot.com\/"},{"@type":"ListItem","position":2,"name":"Chambres &#038; G\u00eetes","item":"https:\/\/lacavemargot.com\/chambres\/"},{"@type":"ListItem","position":3,"name":"C\u00f4t\u00e9 Troglo"}]},{"@type":"WebSite","@id":"https:\/\/lacavemargot.com\/#website","url":"https:\/\/lacavemargot.com\/","name":"La Cave Margot","description":"","potentialAction":[{"@type":"SearchAction","target":{"@type":"EntryPoint","urlTemplate":"https:\/\/lacavemargot.com\/?s={search_term_string}"},"query-input":"required name=search_term_string"}],"inLanguage":"en-US"}]}},"_links":{"self":[{"href":"\/en\/wp-json\/wp\/v2\/pages\/1855","targetHints":{"allow":["GET"]}}],"collection":[{"href":"\/en\/wp-json\/wp\/v2\/pages"}],"about":[{"href":"\/en\/wp-json\/wp\/v2\/types\/page"}],"author":[{"embeddable":true,"href":"\/en\/wp-json\/wp\/v2\/users\/2"}],"replies":[{"embeddable":true,"href":"\/en\/wp-json\/wp\/v2\/comments?post=1855"}],"version-history":[{"count":0,"href":"\/en\/wp-json\/wp\/v2\/pages\/1855\/revisions"}],"up":[{"embeddable":true,"href":"\/en\/wp-json\/wp\/v2\/pages\/13"}],"wp:featuredmedia":[{"embeddable":true,"href":"\/en\/wp-json\/wp\/v2\/media\/1856"}],"wp:attachment":[{"href":"\/en\/wp-json\/wp\/v2\/media?parent=1855"}],"curies":[{"name":"wp","href":"https:\/\/api.w.org\/{rel}","templated":true}]}}