{"id":2371,"date":"2018-12-27T17:15:55","date_gmt":"2018-12-27T16:15:55","guid":{"rendered":"http:\/\/lacavemargot.com\/?page_id=2371"},"modified":"2025-05-04T16:20:16","modified_gmt":"2025-05-04T15:20:16","slug":"privatisation-groupes","status":"publish","type":"page","link":"\/en\/privatisation-groupes\/","title":{"rendered":"Groups"},"content":{"rendered":"<p><div class=\"grid2column\"><\/p>\n<p><a href=\"\/wp-content\/uploads\/2021\/01\/la-cave-margot-groupes1.jpg\" rel=\"prettyPhoto[gallery1]\"><img loading=\"lazy\" decoding=\"async\" class=\"alignnone wp-image-3055\" src=\"\/wp-content\/uploads\/2021\/01\/la-cave-margot-groupes1-150x150.jpg\" alt=\"cave margot gite groupe piscine\" width=\"600\" height=\"450\" srcset=\"https:\/\/lacavemargot.com\/wp-content\/uploads\/2021\/01\/la-cave-margot-groupes1-300x225.jpg 300w, https:\/\/lacavemargot.com\/wp-content\/uploads\/2021\/01\/la-cave-margot-groupes1-768x576.jpg 768w, https:\/\/lacavemargot.com\/wp-content\/uploads\/2021\/01\/la-cave-margot-groupes1.jpg 960w\" sizes=\"auto, (max-width: 600px) 100vw, 600px\" \/><\/a><\/p>\n<p><\/div><\/p>\n<div class=\"grid2column lastcolumn\"><\/p>\n<h3>Go Green !<\/h3>\n<p>You can rent all the rooms for your stay be it for :<\/p>\n<ul>\n<li>Anniversaries and birthdays \/\u00a0Cousins, family or friends gatherings \/\u00a0Firm seminars &amp; team building<\/li>\n<\/ul>\n<p>Our tip : book way ahead\u00a0\ud83d\ude0a<\/p>\n<p><hr class=\"progression-hr\"><\/hr><\/p>\n<h3>Capacity &amp; Sleeping<\/h3>\n<p>* up to 30 people if you optimize the structure<br \/>\n* for up to 16 people, all participants have a single bed, but may share a bedroom and bathroom<br \/>\n* up to 12 people, all participants have a single room with a double bed, but may share a bathroom<br \/>\n* up to 7 people, all participants have private accommodation with double bed, private bathroom and terrace<\/p>\n<p><\/div><div class=\"clearfix\"><\/div>\n<div class=\"grid2column\"><\/p>\n<h3>Facilities<\/h3>\n<p>You will rent the whole 7 accommodations that include :<\/p>\n<ul>\n<li>~ 350 m2,<\/li>\n<li>up to 30 beds,<\/li>\n<li>7 independent accommodations with bathroom, entrance and private terrace in each of them.<\/li>\n<li>free Wifi (fiber)<\/li>\n<li>Party music speaker and light show for your parties<\/li>\n<li>secured and private parking for 10 cars<\/li>\n<li>Nice playground for young and less young : zipline of 40m, trampoline, swings, slide, table tennis, slack-line, p\u00e9tanque, molky , badminton, soccer goals \u2026)<\/li>\n<li>access to the sauna &amp;\u00a0 jacuzzi (heated at 37\u00b0C)<\/li>\n<li>a full equipped kitchen : fridge-freezer XXL, rotating heat hoven, 2 micro-waves, 6 gas plates, dishwasher, dishes, cooking tools and many storages. washing-machine\/drying-machine, expresso machine, kettle\u2026<\/li>\n<\/ul>\n<p>The outside terrace is huge and very well equipped: several BBQs, one of which has a large capacity, a large brazier, garden furniture, tables and chairs&#8230;<\/p>\n<p><a href=\"http:\/\/lacavemargot.com\/wp-content\/uploads\/2025\/04\/logo-gites-de-france-small.png\"><img loading=\"lazy\" decoding=\"async\" class=\"alignnone  wp-image-4301\" src=\"http:\/\/lacavemargot.com\/wp-content\/uploads\/2025\/04\/logo-gites-de-france-small.png\" alt=\"\" width=\"243\" height=\"110\" \/><\/a><\/p>\n<p>Our G\u00eete has been awarded the G\u00eetes de France 4 \u00e9pis label (the highest rating for a group structure).<\/p>\n<p><\/div>\n<div class=\"grid2column lastcolumn\"><\/p>\n<p><a href=\"\/wp-content\/uploads\/2021\/01\/la-cave-margot-groupes7.jpg\" rel=\"prettyPhoto&#091;gallery1&#093;\"><img loading=\"lazy\" decoding=\"async\" class=\"alignnone wp-image-3061\" src=\"\/wp-content\/uploads\/2021\/01\/la-cave-margot-groupes7-300x225.jpg\" alt=\"cave margot groupe barbecue\" width=\"600\" height=\"450\" srcset=\"https:\/\/lacavemargot.com\/wp-content\/uploads\/2021\/01\/la-cave-margot-groupes7-300x225.jpg 300w, https:\/\/lacavemargot.com\/wp-content\/uploads\/2021\/01\/la-cave-margot-groupes7-768x576.jpg 768w, https:\/\/lacavemargot.com\/wp-content\/uploads\/2021\/01\/la-cave-margot-groupes7.jpg 960w\" sizes=\"auto, (max-width: 600px) 100vw, 600px\" \/><\/a><\/p>\n<p><div class=\"grid3column\"><a href=\"http:\/\/lacavemargot.com\/wp-content\/uploads\/2023\/07\/La-Cave-Margot-group.jpg\" rel=\"prettyPhoto&#091;gallery1&#093;\"><img loading=\"lazy\" decoding=\"async\" class=\"alignnone wp-image-3923 size-thumbnail\" src=\"http:\/\/lacavemargot.com\/wp-content\/uploads\/2023\/07\/La-Cave-Margot-group-150x150.jpg\" alt=\"gite groupe charme vallee loire\" width=\"150\" height=\"150\" \/><\/a><\/div><\/p>\n<p><div class=\"grid3column\"><a href=\"\/wp-content\/uploads\/2021\/01\/la-cave-margot-groupes3.jpg\" rel=\"prettyPhoto&#091;gallery1&#093;\"><img loading=\"lazy\" decoding=\"async\" class=\"alignnone wp-image-3057 size-thumbnail\" src=\"\/wp-content\/uploads\/2021\/01\/la-cave-margot-groupes3-150x150.jpg\" alt=\"cave margot gite groupe luxe\" width=\"150\" height=\"150\" \/><\/a><\/div><\/p>\n<p><div class=\"grid3column lastcolumn\"><a href=\"\/wp-content\/uploads\/2021\/01\/la-cave-margot-groupes8.jpg\" rel=\"prettyPhoto&#091;gallery1&#093;\"><img loading=\"lazy\" decoding=\"async\" class=\"alignnone wp-image-3062 size-thumbnail\" src=\"\/wp-content\/uploads\/2021\/01\/la-cave-margot-groupes8-150x150.jpg\" alt=\"cave margot groupe charme\" width=\"150\" height=\"150\" \/><\/a><\/div><div class=\"clearfix\"><\/div><\/p>\n<p><\/div><div class=\"clearfix\"><\/div>\n<div style=\"height: 80px; width: 100%;\"><\/div>\n<div class=\"grid2column\"><\/p>\n<p><a href=\"\/wp-content\/uploads\/2021\/01\/la-cave-margot-groupes5.jpg\" rel=\"prettyPhoto&#091;gallery1&#093;\"><img loading=\"lazy\" decoding=\"async\" class=\"alignnone wp-image-3059\" src=\"\/wp-content\/uploads\/2021\/01\/la-cave-margot-groupes5-300x225.jpg\" alt=\"cave margot gite groupe sauna jacuzzi\" width=\"600\" height=\"450\" srcset=\"https:\/\/lacavemargot.com\/wp-content\/uploads\/2021\/01\/la-cave-margot-groupes5-300x225.jpg 300w, https:\/\/lacavemargot.com\/wp-content\/uploads\/2021\/01\/la-cave-margot-groupes5-768x576.jpg 768w, https:\/\/lacavemargot.com\/wp-content\/uploads\/2021\/01\/la-cave-margot-groupes5.jpg 960w\" sizes=\"auto, (max-width: 600px) 100vw, 600px\" \/><\/a><\/p>\n<p><div class=\"grid3column\"><a href=\"\/wp-content\/uploads\/2021\/01\/la-cave-margot-groupes6.jpg\" rel=\"prettyPhoto&#091;gallery1&#093;\"><img loading=\"lazy\" decoding=\"async\" class=\"alignnone wp-image-3060 size-thumbnail\" src=\"\/wp-content\/uploads\/2021\/01\/la-cave-margot-groupes6-150x150.jpg\" alt=\"cave margot gite groupe jeux\" width=\"150\" height=\"150\" \/><\/a><\/div><\/p>\n<p><div class=\"grid3column\"><a href=\"\/wp-content\/uploads\/2021\/01\/la-cave-margot-groupes4.jpg\" rel=\"prettyPhoto&#091;gallery1&#093;\"><img loading=\"lazy\" decoding=\"async\" class=\"alignnone wp-image-3058 size-thumbnail\" src=\"\/wp-content\/uploads\/2021\/01\/la-cave-margot-groupes4-150x150.jpg\" alt=\"cave margot gite groupe cousinade\" width=\"150\" height=\"150\" \/><\/a><\/div><\/p>\n<p><div class=\"grid3column lastcolumn\"><a href=\"\/wp-content\/uploads\/2021\/01\/la-cave-margot-groupes9.jpg\" rel=\"prettyPhoto&#091;gallery1&#093;\"><img loading=\"lazy\" decoding=\"async\" class=\"alignnone wp-image-3063 size-thumbnail\" src=\"\/wp-content\/uploads\/2021\/01\/la-cave-margot-groupes9-150x150.jpg\" alt=\"cave margot gite groupe\" width=\"150\" height=\"150\" \/><\/a><\/div><div class=\"clearfix\"><\/div><\/p>\n<p><\/div>\n<div class=\"grid2column lastcolumn\"><\/p>\n<h3>Included services<\/h3>\n<p><strong><u>The personnalized rate, that we will give you on request, includes the following services :<\/u><\/strong><\/p>\n<ul>\n<li>Bed linen and beds made up on arrival<\/li>\n<li>Towels<\/li>\n<li>Bathrobe and for adults (to access outdoor facilities)<\/li>\n<li>Shower gel and toilet paper<\/li>\n<li>access to the spa (heated at 36\u00b0)<\/li>\n<li>access to the sauna<\/li>\n<li>access to the swimming-pool (from June till September)<\/li>\n<li>Heating<\/li>\n<li>Room cleaning (please keep the kitchen tidy, dishes done, fridge emptied and cleaned)<\/li>\n<li>Free wifi (fiber)<\/li>\n<li>Wood for the outdoor brazier<\/li>\n<li>Private closed Parking in the property<\/li>\n<li>Household products, tea towels, dishwashing and dishwasher detergent, sponges, trash bags<\/li>\n<\/ul>\n<p>The bakery is located 2.5 km away in the village. The pastries are excellent!<br \/>\nIntermarch\u00e9 and Lidl at Montoire sur le Loir 10 km away. Also open on Sunday mornings. Leclerc in Vendome (15km).<br \/>\nPizza truck in the village every Friday until 8:30 p.m.<br \/>\nTobacco bar in the village.<br \/>\nLocal market on Saturday mornings on the main square of Montoire sur le Loir.<br \/>\nGrocery store in the village (SPAR)<\/p>\n<p><\/div><div class=\"clearfix\"><\/div>\n<div style=\"height: 80px; width: 100%;\"><\/div>\n<div class=\"grid2column\"><\/p>\n<h3>In option upon request<\/h3>\n<ul>\n<li style=\"list-style-type: none;\">\n<ul>\n<li>Access to the 2 outdoor tennis courts of the village (1 km) Contact us.<\/li>\n<li>Bike rentals (contact directly Sport Passion 41 in Montoire sur le Loir)<\/li>\n<li>CANO\u00cb or paddle rentals on the Loir River: 10\u20ac\/pers (contact us)<\/li>\n<li>Catering service possible for your meals (contact us for the list of caterers)<\/li>\n<li>TREE CLIMBING on site in our woods behind the house. Super cool group activity (up to 8 climbers at the same time). Eric is certified &#8220;Youth and Sports&#8221; in this activity and will be more than happy to come and share it with you. Contact us for more info !<\/li>\n<li>Games and animations for your team building<\/li>\n<\/ul>\n<\/li>\n<\/ul>\n<p>The canoe and the tree climbing are on the top of our group list !<\/p>\n<h3>Booking &amp; cancellation policy<\/h3>\n<p>All reservations are subject to a confirmation email, the signing of a contract and the payment of a deposit.<\/p>\n<p><\/div>\n<p><div class=\"grid2column lastcolumn\"><a href=\"\/wp-content\/uploads\/2021\/01\/la-cave-margot-groupe-croisiere-loire.jpg\" rel=\"prettyPhoto&#091;gallery1&#093;\"><img loading=\"lazy\" decoding=\"async\" class=\"alignnone wp-image-3082\" src=\"\/wp-content\/uploads\/2021\/01\/la-cave-margot-groupe-croisiere-loire-150x150.jpg\" alt=\"cave margot croisiere loire groupe\" width=\"600\" height=\"450\" srcset=\"https:\/\/lacavemargot.com\/wp-content\/uploads\/2021\/01\/la-cave-margot-groupe-croisiere-loire-300x225.jpg 300w, https:\/\/lacavemargot.com\/wp-content\/uploads\/2021\/01\/la-cave-margot-groupe-croisiere-loire-768x576.jpg 768w, https:\/\/lacavemargot.com\/wp-content\/uploads\/2021\/01\/la-cave-margot-groupe-croisiere-loire.jpg 960w\" sizes=\"auto, (max-width: 600px) 100vw, 600px\" \/><\/a><\/p>\n<div class=\"grid3column\"><br \/>\n<a href=\"\/wp-content\/uploads\/2021\/01\/cave-margot-grimpe-arbres.jpg\" rel=\"prettyPhoto&#091;gallery1&#093;\"><img loading=\"lazy\" decoding=\"async\" class=\"alignnone wp-image-3080 size-thumbnail\" src=\"\/wp-content\/uploads\/2021\/01\/cave-margot-grimpe-arbres-150x150.jpg\" alt=\"cave margot grimpe arbres\" width=\"150\" height=\"150\" \/><\/a><br \/>\n<\/div>\n<div class=\"grid3column\"><br \/>\n<a href=\"\/wp-content\/uploads\/2021\/01\/cave-margot-canoe-loir.jpg\" rel=\"prettyPhoto&#091;gallery1&#093;\"><img loading=\"lazy\" decoding=\"async\" class=\"alignnone wp-image-3079 size-thumbnail\" src=\"\/wp-content\/uploads\/2021\/01\/cave-margot-canoe-loir-150x150.jpg\" alt=\"cave margot canoe loir paddle\" width=\"150\" height=\"150\" \/><\/a><br \/>\n<\/div>\n<div class=\"grid3column lastcolumn\"><br \/>\n<a href=\"\/wp-content\/uploads\/2021\/01\/cave-margot-tennis-velo-loir.jpg\" rel=\"prettyPhoto&#091;gallery1&#093;\"><img loading=\"lazy\" decoding=\"async\" class=\"alignnone wp-image-3081 size-thumbnail\" src=\"\/wp-content\/uploads\/2021\/01\/cave-margot-tennis-velo-loir-150x150.jpg\" alt=\"cave margot tennis velo loir\" width=\"150\" height=\"150\" \/><\/a><br \/>\n<\/div><div class=\"clearfix\"><\/div>\n<p><\/div><div class=\"clearfix\"><\/div><\/p>","protected":false},"excerpt":{"rendered":"","protected":false},"author":2,"featured_media":3085,"parent":0,"menu_order":0,"comment_status":"closed","ping_status":"closed","template":"","meta":{"footnotes":""},"class_list":["post-2371","page","type-page","status-publish","has-post-thumbnail","hentry"],"yoast_head":"<!-- This site is optimized with the Yoast SEO plugin v19.14 - https:\/\/yoast.com\/wordpress\/plugins\/seo\/ -->\n<title>Groups - La Cave Margot<\/title>\n<meta name=\"robots\" content=\"index, follow, max-snippet:-1, max-image-preview:large, max-video-preview:-1\" \/>\n<link rel=\"canonical\" href=\"https:\/\/lacavemargot.com\/privatisation-groupes\/\" \/>\n<meta property=\"og:locale\" content=\"en_US\" \/>\n<meta property=\"og:type\" content=\"article\" \/>\n<meta property=\"og:title\" content=\"[:fr]G\u00eete de Groupe de charme[:en]Groups[:] - La Cave Margot\" \/>\n<meta property=\"og:url\" content=\"https:\/\/lacavemargot.com\/privatisation-groupes\/\" \/>\n<meta property=\"og:site_name\" content=\"La Cave Margot\" \/>\n<meta property=\"article:modified_time\" content=\"2025-05-04T15:20:16+00:00\" \/>\n<meta property=\"og:image\" content=\"http:\/\/lacavemargot.com\/wp-content\/uploads\/2021\/01\/cave-margot-groupe-gite-campagne.jpg\" \/>\n\t<meta property=\"og:image:width\" content=\"2048\" \/>\n\t<meta property=\"og:image:height\" content=\"1536\" \/>\n\t<meta property=\"og:image:type\" content=\"image\/jpeg\" \/>\n<meta name=\"twitter:card\" content=\"summary_large_image\" \/>\n<meta name=\"twitter:label1\" content=\"Est. reading time\" \/>\n\t<meta name=\"twitter:data1\" content=\"12 minutes\" \/>\n<script type=\"application\/ld+json\" class=\"yoast-schema-graph\">{\"@context\":\"https:\/\/schema.org\",\"@graph\":[{\"@type\":\"WebPage\",\"@id\":\"https:\/\/lacavemargot.com\/privatisation-groupes\/\",\"url\":\"https:\/\/lacavemargot.com\/privatisation-groupes\/\",\"name\":\"[:fr]G\u00eete de Groupe de charme[:en]Groups[:] - La Cave Margot\",\"isPartOf\":{\"@id\":\"https:\/\/lacavemargot.com\/#website\"},\"datePublished\":\"2018-12-27T16:15:55+00:00\",\"dateModified\":\"2025-05-04T15:20:16+00:00\",\"breadcrumb\":{\"@id\":\"https:\/\/lacavemargot.com\/privatisation-groupes\/#breadcrumb\"},\"inLanguage\":\"en-US\",\"potentialAction\":[{\"@type\":\"ReadAction\",\"target\":[\"https:\/\/lacavemargot.com\/privatisation-groupes\/\"]}]},{\"@type\":\"BreadcrumbList\",\"@id\":\"https:\/\/lacavemargot.com\/privatisation-groupes\/#breadcrumb\",\"itemListElement\":[{\"@type\":\"ListItem\",\"position\":1,\"name\":\"Home\",\"item\":\"https:\/\/lacavemargot.com\/\"},{\"@type\":\"ListItem\",\"position\":2,\"name\":\"G\u00eete de Groupe de charme\"}]},{\"@type\":\"WebSite\",\"@id\":\"https:\/\/lacavemargot.com\/#website\",\"url\":\"https:\/\/lacavemargot.com\/\",\"name\":\"La Cave Margot\",\"description\":\"\",\"potentialAction\":[{\"@type\":\"SearchAction\",\"target\":{\"@type\":\"EntryPoint\",\"urlTemplate\":\"https:\/\/lacavemargot.com\/?s={search_term_string}\"},\"query-input\":\"required name=search_term_string\"}],\"inLanguage\":\"en-US\"}]}<\/script>\n<!-- \/ Yoast SEO plugin. -->","yoast_head_json":{"title":"[:fr]G\u00eete de Groupe de charme[:en]Groups[:] - La Cave Margot","robots":{"index":"index","follow":"follow","max-snippet":"max-snippet:-1","max-image-preview":"max-image-preview:large","max-video-preview":"max-video-preview:-1"},"canonical":"https:\/\/lacavemargot.com\/privatisation-groupes\/","og_locale":"en_US","og_type":"article","og_title":"[:fr]G\u00eete de Groupe de charme[:en]Groups[:] - La Cave Margot","og_url":"https:\/\/lacavemargot.com\/privatisation-groupes\/","og_site_name":"La Cave Margot","article_modified_time":"2025-05-04T15:20:16+00:00","og_image":[{"width":2048,"height":1536,"url":"http:\/\/lacavemargot.com\/wp-content\/uploads\/2021\/01\/cave-margot-groupe-gite-campagne.jpg","type":"image\/jpeg"}],"twitter_card":"summary_large_image","twitter_misc":{"Est. reading time":"12 minutes"},"schema":{"@context":"https:\/\/schema.org","@graph":[{"@type":"WebPage","@id":"https:\/\/lacavemargot.com\/privatisation-groupes\/","url":"https:\/\/lacavemargot.com\/privatisation-groupes\/","name":"[:fr]G\u00eete de Groupe de charme[:en]Groups[:] - La Cave Margot","isPartOf":{"@id":"https:\/\/lacavemargot.com\/#website"},"datePublished":"2018-12-27T16:15:55+00:00","dateModified":"2025-05-04T15:20:16+00:00","breadcrumb":{"@id":"https:\/\/lacavemargot.com\/privatisation-groupes\/#breadcrumb"},"inLanguage":"en-US","potentialAction":[{"@type":"ReadAction","target":["https:\/\/lacavemargot.com\/privatisation-groupes\/"]}]},{"@type":"BreadcrumbList","@id":"https:\/\/lacavemargot.com\/privatisation-groupes\/#breadcrumb","itemListElement":[{"@type":"ListItem","position":1,"name":"Home","item":"https:\/\/lacavemargot.com\/"},{"@type":"ListItem","position":2,"name":"G\u00eete de Groupe de charme"}]},{"@type":"WebSite","@id":"https:\/\/lacavemargot.com\/#website","url":"https:\/\/lacavemargot.com\/","name":"La Cave Margot","description":"","potentialAction":[{"@type":"SearchAction","target":{"@type":"EntryPoint","urlTemplate":"https:\/\/lacavemargot.com\/?s={search_term_string}"},"query-input":"required name=search_term_string"}],"inLanguage":"en-US"}]}},"_links":{"self":[{"href":"\/en\/wp-json\/wp\/v2\/pages\/2371","targetHints":{"allow":["GET"]}}],"collection":[{"href":"\/en\/wp-json\/wp\/v2\/pages"}],"about":[{"href":"\/en\/wp-json\/wp\/v2\/types\/page"}],"author":[{"embeddable":true,"href":"\/en\/wp-json\/wp\/v2\/users\/2"}],"replies":[{"embeddable":true,"href":"\/en\/wp-json\/wp\/v2\/comments?post=2371"}],"version-history":[{"count":0,"href":"\/en\/wp-json\/wp\/v2\/pages\/2371\/revisions"}],"wp:featuredmedia":[{"embeddable":true,"href":"\/en\/wp-json\/wp\/v2\/media\/3085"}],"wp:attachment":[{"href":"\/en\/wp-json\/wp\/v2\/media?parent=2371"}],"curies":[{"name":"wp","href":"https:\/\/api.w.org\/{rel}","templated":true}]}}