{"id":9,"date":"2012-10-26T15:15:05","date_gmt":"2012-10-26T14:15:05","guid":{"rendered":"http:\/\/themichaelgarcia.com\/white-rock\/?page_id=9"},"modified":"2025-03-22T17:58:43","modified_gmt":"2025-03-22T16:58:43","slug":"accueil","status":"publish","type":"page","link":"\/en\/","title":{"rendered":"Homepage"},"content":{"rendered":"<p><div class=\"grid2column\"><\/p>\n<h3>Countryside stay with pool and Spa<\/h3>\n<p><strong>7 independent accommodations to rent individually or in total<\/strong><strong>. M<\/strong><strong>ax 30 pers<\/strong><\/p>\n<p><strong>Relaxation &amp; disconnection in unspoiled natural surroundings, comfort and charm guaranteed!<\/strong><\/p>\n<p><span style=\"color: #993300;\"><strong>SPA &#8211; SAUNA &#8211; SWIMMING POOL &#8211; LIVING ROOM &#8211; KITCHEN &#8211; BBQs &#8211; BRASERO &#8211; GAMES<\/strong> (petanque, table soccer, ping-pong, trampoline, tyrolienne, badminton, slackline, XXL gantry, soccer goals &#8230;).<\/span><\/p>\n<p>&#8220;La Cave Margot&#8221; is a 3-hectare property nestled in a beautiful, preserved, hilly and wooded countryside near Vend\u00f4me. Between the Perche and the Loir Valley, 45 minutes from the Loire castles and 15 minutes from the TGV station of Vend\u00f4me-Villiers (Paris is 43 minutes by TGV).<\/p>\n<p>Long\u00e8re from XIX\u00e8me fully restored, well decorated, quality bedding, careful cleaning, all-inclusive service, large landscaped garden, numerous terraces and many amenities.<\/p>\n<p>JULY and AUGUST : weekly stays for private individuals (from Saturday to Saturday)<\/p>\n<p>From MARCH to NOVEMBER : privatization only for all-comfort group stays : family parties, birthdays, cousinhoods, seminars, training courses or weekends with friends.<\/p>\n<p><\/div><\/p>\n<div class=\"grid2column lastcolumn\"><\/p>\n<p><iframe loading=\"lazy\" title=\"Une journ\u00e9e \u00e0 la Cave Margot B&amp;B - Vall\u00e9e de Loire, FRANCE\" width=\"640\" height=\"360\" src=\"https:\/\/www.youtube.com\/embed\/sBrRraq3U9g?feature=oembed\" frameborder=\"0\" allow=\"accelerometer; autoplay; clipboard-write; encrypted-media; gyroscope; picture-in-picture; web-share\" referrerpolicy=\"strict-origin-when-cross-origin\" allowfullscreen><\/iframe><\/p>\n<p><\/div><div class=\"clearfix\"><\/div>\n<div style=\"height: 30px; width: 100%;\"><\/div>\n<p><\/p>","protected":false},"excerpt":{"rendered":"","protected":false},"author":1,"featured_media":0,"parent":0,"menu_order":0,"comment_status":"closed","ping_status":"closed","template":"homepage.php","meta":{"footnotes":""},"class_list":["post-9","page","type-page","status-publish","hentry"],"yoast_head":"<!-- This site is optimized with the Yoast SEO plugin v19.14 - https:\/\/yoast.com\/wordpress\/plugins\/seo\/ -->\n<title>Homepage - La Cave Margot<\/title>\n<meta name=\"robots\" content=\"index, follow, max-snippet:-1, max-image-preview:large, max-video-preview:-1\" \/>\n<link rel=\"canonical\" href=\"https:\/\/lacavemargot.com\/\" \/>\n<meta property=\"og:locale\" content=\"en_US\" \/>\n<meta property=\"og:type\" content=\"article\" \/>\n<meta property=\"og:title\" content=\"[:fr]Accueil[:en]Homepage[:] - La Cave Margot\" \/>\n<meta property=\"og:url\" content=\"https:\/\/lacavemargot.com\/\" \/>\n<meta property=\"og:site_name\" content=\"La Cave Margot\" \/>\n<meta property=\"article:modified_time\" content=\"2025-03-22T16:58:43+00:00\" \/>\n<meta name=\"twitter:card\" content=\"summary_large_image\" \/>\n<meta name=\"twitter:label1\" content=\"Est. reading time\" \/>\n\t<meta name=\"twitter:data1\" content=\"2 minutes\" \/>\n<script type=\"application\/ld+json\" class=\"yoast-schema-graph\">{\"@context\":\"https:\/\/schema.org\",\"@graph\":[{\"@type\":\"WebPage\",\"@id\":\"https:\/\/lacavemargot.com\/\",\"url\":\"https:\/\/lacavemargot.com\/\",\"name\":\"[:fr]Accueil[:en]Homepage[:] - La Cave Margot\",\"isPartOf\":{\"@id\":\"https:\/\/lacavemargot.com\/#website\"},\"datePublished\":\"2012-10-26T14:15:05+00:00\",\"dateModified\":\"2025-03-22T16:58:43+00:00\",\"breadcrumb\":{\"@id\":\"https:\/\/lacavemargot.com\/#breadcrumb\"},\"inLanguage\":\"en-US\",\"potentialAction\":[{\"@type\":\"ReadAction\",\"target\":[\"https:\/\/lacavemargot.com\/\"]}]},{\"@type\":\"BreadcrumbList\",\"@id\":\"https:\/\/lacavemargot.com\/#breadcrumb\",\"itemListElement\":[{\"@type\":\"ListItem\",\"position\":1,\"name\":\"Home\",\"item\":\"https:\/\/lacavemargot.com\/\"},{\"@type\":\"ListItem\",\"position\":2,\"name\":\"Accueil\"}]},{\"@type\":\"WebSite\",\"@id\":\"https:\/\/lacavemargot.com\/#website\",\"url\":\"https:\/\/lacavemargot.com\/\",\"name\":\"La Cave Margot\",\"description\":\"\",\"potentialAction\":[{\"@type\":\"SearchAction\",\"target\":{\"@type\":\"EntryPoint\",\"urlTemplate\":\"https:\/\/lacavemargot.com\/?s={search_term_string}\"},\"query-input\":\"required name=search_term_string\"}],\"inLanguage\":\"en-US\"}]}<\/script>\n<!-- \/ Yoast SEO plugin. -->","yoast_head_json":{"title":"[:fr]Accueil[:en]Homepage[:] - La Cave Margot","robots":{"index":"index","follow":"follow","max-snippet":"max-snippet:-1","max-image-preview":"max-image-preview:large","max-video-preview":"max-video-preview:-1"},"canonical":"https:\/\/lacavemargot.com\/","og_locale":"en_US","og_type":"article","og_title":"[:fr]Accueil[:en]Homepage[:] - La Cave Margot","og_url":"https:\/\/lacavemargot.com\/","og_site_name":"La Cave Margot","article_modified_time":"2025-03-22T16:58:43+00:00","twitter_card":"summary_large_image","twitter_misc":{"Est. reading time":"2 minutes"},"schema":{"@context":"https:\/\/schema.org","@graph":[{"@type":"WebPage","@id":"https:\/\/lacavemargot.com\/","url":"https:\/\/lacavemargot.com\/","name":"[:fr]Accueil[:en]Homepage[:] - La Cave Margot","isPartOf":{"@id":"https:\/\/lacavemargot.com\/#website"},"datePublished":"2012-10-26T14:15:05+00:00","dateModified":"2025-03-22T16:58:43+00:00","breadcrumb":{"@id":"https:\/\/lacavemargot.com\/#breadcrumb"},"inLanguage":"en-US","potentialAction":[{"@type":"ReadAction","target":["https:\/\/lacavemargot.com\/"]}]},{"@type":"BreadcrumbList","@id":"https:\/\/lacavemargot.com\/#breadcrumb","itemListElement":[{"@type":"ListItem","position":1,"name":"Home","item":"https:\/\/lacavemargot.com\/"},{"@type":"ListItem","position":2,"name":"Accueil"}]},{"@type":"WebSite","@id":"https:\/\/lacavemargot.com\/#website","url":"https:\/\/lacavemargot.com\/","name":"La Cave Margot","description":"","potentialAction":[{"@type":"SearchAction","target":{"@type":"EntryPoint","urlTemplate":"https:\/\/lacavemargot.com\/?s={search_term_string}"},"query-input":"required name=search_term_string"}],"inLanguage":"en-US"}]}},"_links":{"self":[{"href":"\/en\/wp-json\/wp\/v2\/pages\/9","targetHints":{"allow":["GET"]}}],"collection":[{"href":"\/en\/wp-json\/wp\/v2\/pages"}],"about":[{"href":"\/en\/wp-json\/wp\/v2\/types\/page"}],"author":[{"embeddable":true,"href":"\/en\/wp-json\/wp\/v2\/users\/1"}],"replies":[{"embeddable":true,"href":"\/en\/wp-json\/wp\/v2\/comments?post=9"}],"version-history":[{"count":0,"href":"\/en\/wp-json\/wp\/v2\/pages\/9\/revisions"}],"wp:attachment":[{"href":"\/en\/wp-json\/wp\/v2\/media?parent=9"}],"curies":[{"name":"wp","href":"https:\/\/api.w.org\/{rel}","templated":true}]}}